{"id":36448,"date":"2022-12-16T13:36:18","date_gmt":"2022-12-16T10:36:18","guid":{"rendered":"https:\/\/barberstown.com\/branches\/"},"modified":"2025-01-03T13:12:41","modified_gmt":"2025-01-03T10:12:41","slug":"branches","status":"publish","type":"page","link":"https:\/\/barberstown.com\/en\/branches\/","title":{"rendered":"Branches"},"content":{"rendered":"\t\t<div data-elementor-type=\"wp-page\" data-elementor-id=\"36448\" class=\"elementor elementor-36448 elementor-36446\" data-elementor-post-type=\"page\">\n\t\t\t\t\t\t<section class=\"elementor-section elementor-top-section elementor-element elementor-element-fda5864 elementor-section-content-middle elementor-section-boxed elementor-section-height-default elementor-section-height-default\" data-id=\"fda5864\" data-element_type=\"section\" data-e-type=\"section\" data-settings=\"{&quot;background_background&quot;:&quot;classic&quot;}\">\n\t\t\t\t\t\t\t<div class=\"elementor-background-overlay\"><\/div>\n\t\t\t\t\t\t\t<div class=\"elementor-container elementor-column-gap-default\">\n\t\t\t\t\t<div class=\"elementor-column elementor-col-100 elementor-top-column elementor-element elementor-element-ee187d8\" data-id=\"ee187d8\" data-element_type=\"column\" data-e-type=\"column\">\n\t\t\t<div class=\"elementor-widget-wrap elementor-element-populated\">\n\t\t\t\t\t\t<div class=\"elementor-element elementor-element-b8bb22f elementor-widget elementor-widget-heading\" data-id=\"b8bb22f\" data-element_type=\"widget\" data-e-type=\"widget\" data-widget_type=\"heading.default\">\n\t\t\t\t\t<h1 class=\"elementor-heading-title elementor-size-default\">ALL BRANCHES<\/h1>\t\t\t\t<\/div>\n\t\t\t\t\t<\/div>\n\t\t<\/div>\n\t\t\t\t\t<\/div>\n\t\t<\/section>\n\t\t<div class=\"elementor-element elementor-element-97ddaaa e-flex e-con-boxed e-con e-parent\" data-id=\"97ddaaa\" data-element_type=\"container\" data-e-type=\"container\">\n\t\t\t\t\t<div class=\"e-con-inner\">\n\t\t<div class=\"elementor-element elementor-element-deb82a0 e-con-full e-flex e-con e-child\" data-id=\"deb82a0\" data-element_type=\"container\" data-e-type=\"container\" data-settings=\"{&quot;background_background&quot;:&quot;classic&quot;}\">\n\t\t\t\t<div class=\"elementor-element elementor-element-999cddc elementor-position-top elementor-widget elementor-widget-image-box\" data-id=\"999cddc\" data-element_type=\"widget\" data-e-type=\"widget\" data-widget_type=\"image-box.default\">\n\t\t\t\t\t<div class=\"elementor-image-box-wrapper\"><figure class=\"elementor-image-box-img\"><a href=\"https:\/\/barberstown.com\/en\/branches\/istanbul-etiler-branch\/\" tabindex=\"-1\"><img decoding=\"async\" src=\"https:\/\/barberstown.com\/wp-content\/uploads\/elementor\/thumbs\/barberstown-istanbul-besiktas-etiler-subesi-_1_-pnz7m5ziiy9zqmslqakpfvgcdacwu883pmav60pj1c.webp\" title=\"barberstown-istanbul-be\u015fikta\u015f-etiler-\u015fubesi-_1_\" alt=\"barberstown-istanbul-be\u015fikta\u015f-etiler-\u015fubesi-_1_\" loading=\"lazy\" \/><\/a><\/figure><div class=\"elementor-image-box-content\"><h3 class=\"elementor-image-box-title\"><a href=\"https:\/\/barberstown.com\/en\/branches\/istanbul-etiler-branch\/\">Istanbul Etiler Branch<\/a><\/h3><\/div><\/div>\t\t\t\t<\/div>\n\t\t\t\t<div class=\"elementor-element elementor-element-bb2fd6a elementor-mobile-align-center elementor-align-center elementor-widget elementor-widget-button\" data-id=\"bb2fd6a\" data-element_type=\"widget\" data-e-type=\"widget\" data-widget_type=\"button.default\">\n\t\t\t\t\t\t\t\t\t\t<a class=\"elementor-button elementor-button-link elementor-size-sm\" href=\"https:\/\/barberstown.com\/en\/branches\/istanbul-etiler-branch\/\">\n\t\t\t\t\t\t<span class=\"elementor-button-content-wrapper\">\n\t\t\t\t\t\t<span class=\"elementor-button-icon\">\n\t\t\t\t<svg aria-hidden=\"true\" class=\"e-font-icon-svg e-fas-long-arrow-alt-right\" viewBox=\"0 0 448 512\" xmlns=\"http:\/\/www.w3.org\/2000\/svg\"><path d=\"M313.941 216H12c-6.627 0-12 5.373-12 12v56c0 6.627 5.373 12 12 12h301.941v46.059c0 21.382 25.851 32.09 40.971 16.971l86.059-86.059c9.373-9.373 9.373-24.569 0-33.941l-86.059-86.059c-15.119-15.119-40.971-4.411-40.971 16.971V216z\"><\/path><\/svg>\t\t\t<\/span>\n\t\t\t\t\t\t\t\t\t<span class=\"elementor-button-text\">REVIEW<\/span>\n\t\t\t\t\t<\/span>\n\t\t\t\t\t<\/a>\n\t\t\t\t\t\t\t\t<\/div>\n\t\t\t\t<\/div>\n\t\t<div class=\"elementor-element elementor-element-c80d04a e-con-full e-flex e-con e-child\" data-id=\"c80d04a\" data-element_type=\"container\" data-e-type=\"container\" data-settings=\"{&quot;background_background&quot;:&quot;classic&quot;}\">\n\t\t\t\t<div class=\"elementor-element elementor-element-0177c8f elementor-position-top elementor-widget elementor-widget-image-box\" data-id=\"0177c8f\" data-element_type=\"widget\" data-e-type=\"widget\" data-widget_type=\"image-box.default\">\n\t\t\t\t\t<div class=\"elementor-image-box-wrapper\"><figure class=\"elementor-image-box-img\"><a href=\"https:\/\/barberstown.com\/en\/branches\/istanbul-sisli-mecidiyekoy-branch\/\" tabindex=\"-1\"><img decoding=\"async\" src=\"https:\/\/barberstown.com\/wp-content\/uploads\/elementor\/thumbs\/barberstown-sisli-mecidiyekoy-subesi-3-1-q79nrhgqexpjq2uqsjlggnzp56p5waydmctdkxunq8.jpg\" title=\"barberstown \u015fi\u015fli mecidiyek\u00f6y \u015fubesi (3)\" alt=\"barberstown \u015fi\u015fli mecidiyek\u00f6y \u015fubesi (3)\" loading=\"lazy\" \/><\/a><\/figure><div class=\"elementor-image-box-content\"><h3 class=\"elementor-image-box-title\"><a href=\"https:\/\/barberstown.com\/en\/branches\/istanbul-sisli-mecidiyekoy-branch\/\">Istanbul Sisli Mecidiyekoy Branch<\/a><\/h3><\/div><\/div>\t\t\t\t<\/div>\n\t\t\t\t<div class=\"elementor-element elementor-element-532ec84 elementor-mobile-align-center elementor-align-center elementor-widget elementor-widget-button\" data-id=\"532ec84\" data-element_type=\"widget\" data-e-type=\"widget\" data-widget_type=\"button.default\">\n\t\t\t\t\t\t\t\t\t\t<a class=\"elementor-button elementor-button-link elementor-size-sm\" href=\"https:\/\/barberstown.com\/en\/branches\/istanbul-sisli-mecidiyekoy-branch\/\">\n\t\t\t\t\t\t<span class=\"elementor-button-content-wrapper\">\n\t\t\t\t\t\t<span class=\"elementor-button-icon\">\n\t\t\t\t<svg aria-hidden=\"true\" class=\"e-font-icon-svg e-fas-long-arrow-alt-right\" viewBox=\"0 0 448 512\" xmlns=\"http:\/\/www.w3.org\/2000\/svg\"><path d=\"M313.941 216H12c-6.627 0-12 5.373-12 12v56c0 6.627 5.373 12 12 12h301.941v46.059c0 21.382 25.851 32.09 40.971 16.971l86.059-86.059c9.373-9.373 9.373-24.569 0-33.941l-86.059-86.059c-15.119-15.119-40.971-4.411-40.971 16.971V216z\"><\/path><\/svg>\t\t\t<\/span>\n\t\t\t\t\t\t\t\t\t<span class=\"elementor-button-text\">REVIEW<\/span>\n\t\t\t\t\t<\/span>\n\t\t\t\t\t<\/a>\n\t\t\t\t\t\t\t\t<\/div>\n\t\t\t\t<\/div>\n\t\t<div class=\"elementor-element elementor-element-e819c74 e-con-full e-flex e-con e-child\" data-id=\"e819c74\" data-element_type=\"container\" data-e-type=\"container\" data-settings=\"{&quot;background_background&quot;:&quot;classic&quot;}\">\n\t\t\t\t<div class=\"elementor-element elementor-element-b5cb9f7 elementor-position-top elementor-widget elementor-widget-image-box\" data-id=\"b5cb9f7\" data-element_type=\"widget\" data-e-type=\"widget\" data-widget_type=\"image-box.default\">\n\t\t\t\t\t<div class=\"elementor-image-box-wrapper\"><figure class=\"elementor-image-box-img\"><a href=\"https:\/\/barberstown.com\/en\/branches\/antalya-isiklar-branch\/\" tabindex=\"-1\"><img decoding=\"async\" src=\"https:\/\/barberstown.com\/wp-content\/uploads\/elementor\/thumbs\/barberstown-salon-1-4-piz4o3el9yc8hd32gvot71amn0ll3fp4rtd43kkazk.webp\" title=\"barberstown-salon-1-4\" alt=\"barberstown-salon-1-4\" loading=\"lazy\" \/><\/a><\/figure><div class=\"elementor-image-box-content\"><h3 class=\"elementor-image-box-title\"><a href=\"https:\/\/barberstown.com\/en\/branches\/antalya-isiklar-branch\/\">ANTALYA I\u015eIKLAR BRANCH<\/a><\/h3><\/div><\/div>\t\t\t\t<\/div>\n\t\t\t\t<div class=\"elementor-element elementor-element-ee59cb5 elementor-mobile-align-center elementor-align-center elementor-widget elementor-widget-button\" data-id=\"ee59cb5\" data-element_type=\"widget\" data-e-type=\"widget\" data-widget_type=\"button.default\">\n\t\t\t\t\t\t\t\t\t\t<a class=\"elementor-button elementor-button-link elementor-size-sm\" href=\"https:\/\/barberstown.com\/en\/branches\/antalya-isiklar-branch\/\">\n\t\t\t\t\t\t<span class=\"elementor-button-content-wrapper\">\n\t\t\t\t\t\t<span class=\"elementor-button-icon\">\n\t\t\t\t<svg aria-hidden=\"true\" class=\"e-font-icon-svg e-fas-long-arrow-alt-right\" viewBox=\"0 0 448 512\" xmlns=\"http:\/\/www.w3.org\/2000\/svg\"><path d=\"M313.941 216H12c-6.627 0-12 5.373-12 12v56c0 6.627 5.373 12 12 12h301.941v46.059c0 21.382 25.851 32.09 40.971 16.971l86.059-86.059c9.373-9.373 9.373-24.569 0-33.941l-86.059-86.059c-15.119-15.119-40.971-4.411-40.971 16.971V216z\"><\/path><\/svg>\t\t\t<\/span>\n\t\t\t\t\t\t\t\t\t<span class=\"elementor-button-text\">REVIEW<\/span>\n\t\t\t\t\t<\/span>\n\t\t\t\t\t<\/a>\n\t\t\t\t\t\t\t\t<\/div>\n\t\t\t\t<\/div>\n\t\t\t\t\t<\/div>\n\t\t\t\t<\/div>\n\t\t\t\t<\/div>\n\t\t","protected":false},"excerpt":{"rendered":"<p>BARBERSTOWN BRANCHES Istanbul Etiler Branch REVIEW Istanbul Sisli Mecidiyekoy Branch REVIEW ANTALYA I\u015eIKLAR BRANCH REVIEW<\/p>\n","protected":false},"author":1,"featured_media":35899,"parent":0,"menu_order":0,"comment_status":"closed","ping_status":"closed","template":"","meta":{"footnotes":""},"class_list":["post-36448","page","type-page","status-publish","has-post-thumbnail","hentry"],"_links":{"self":[{"href":"https:\/\/barberstown.com\/en\/wp-json\/wp\/v2\/pages\/36448","targetHints":{"allow":["GET"]}}],"collection":[{"href":"https:\/\/barberstown.com\/en\/wp-json\/wp\/v2\/pages"}],"about":[{"href":"https:\/\/barberstown.com\/en\/wp-json\/wp\/v2\/types\/page"}],"author":[{"embeddable":true,"href":"https:\/\/barberstown.com\/en\/wp-json\/wp\/v2\/users\/1"}],"replies":[{"embeddable":true,"href":"https:\/\/barberstown.com\/en\/wp-json\/wp\/v2\/comments?post=36448"}],"version-history":[{"count":0,"href":"https:\/\/barberstown.com\/en\/wp-json\/wp\/v2\/pages\/36448\/revisions"}],"wp:featuredmedia":[{"embeddable":true,"href":"https:\/\/barberstown.com\/en\/wp-json\/wp\/v2\/media\/35899"}],"wp:attachment":[{"href":"https:\/\/barberstown.com\/en\/wp-json\/wp\/v2\/media?parent=36448"}],"curies":[{"name":"wp","href":"https:\/\/api.w.org\/{rel}","templated":true}]}}